{"id":897,"date":"2018-06-18T09:22:05","date_gmt":"2018-06-18T07:22:05","guid":{"rendered":"http:\/\/www.classm.fr\/fr\/?page_id=897"},"modified":"2024-11-18T22:12:04","modified_gmt":"2024-11-18T21:12:04","slug":"politique-de-confidentialite","status":"publish","type":"page","link":"https:\/\/www.classm.fr\/fr\/politique-de-confidentialite\/","title":{"rendered":"Politique de confidentialit\u00e9"},"content":{"rendered":"\t\t<div data-elementor-type=\"wp-post\" data-elementor-id=\"897\" class=\"elementor elementor-897\" data-elementor-settings=\"[]\">\n\t\t\t<div class=\"elementor-inner\">\n\t\t\t\t<div class=\"elementor-section-wrap\">\n\t\t\t\t\t\t\t<section class=\"has_eae_slider elementor-element elementor-element-35c5634d elementor-section-boxed elementor-section-height-default elementor-section-height-default elementor-section elementor-top-section\" data-id=\"35c5634d\" data-element_type=\"section\">\n\t\t\t\t\t\t<div class=\"elementor-container elementor-column-gap-default\">\n\t\t\t\t<div class=\"elementor-row\">\n\t\t\t\t<div class=\"has_eae_slider elementor-element elementor-element-bc56c4a elementor-column elementor-col-100 elementor-top-column\" data-id=\"bc56c4a\" data-element_type=\"column\">\n\t\t\t<div class=\"elementor-column-wrap  elementor-element-populated\">\n\t\t\t\t\t<div class=\"elementor-widget-wrap\">\n\t\t\t\t<div class=\"elementor-element elementor-element-32f5188b elementor-widget elementor-widget-text-editor\" data-id=\"32f5188b\" data-element_type=\"widget\" data-widget_type=\"text-editor.default\">\n\t\t\t\t<div class=\"elementor-widget-container\">\n\t\t\t\t\t<div class=\"elementor-text-editor elementor-clearfix\"><table><tbody><tr><td width=\"614\"><p><strong>\u00a0<\/strong><\/p><p><strong><u>POLITIQUE DE CONFIDENTIALITE CLASSM<\/u><\/strong><\/p><p><strong>Version du 24 avril 2020 <\/strong><\/p><p><strong>\u00a0<\/strong><\/p><\/td><\/tr><\/tbody><\/table><p><strong>\u00a0<\/strong><\/p><p>Dans le cadre de ses activit\u00e9s, classM est amen\u00e9 \u00e0 traiter un certain nombre de donn\u00e9es personnelles concernant ses interlocuteurs, notamment ses clients, prospects, partenaires, prestataires et sous-traitants, fournisseurs, etc.<\/p><p>classM attache la plus grande importance \u00e0 la protection de la vie priv\u00e9e et des Donn\u00e9es personnelles et au respect de la r\u00e9glementation en vigueur.<\/p><p>Ces donn\u00e9es sont collect\u00e9es, trait\u00e9es et prot\u00e9g\u00e9es conform\u00e9ment \u00e0 cette politique de confidentialit\u00e9.<\/p><ol><li><strong><u>DEFINITIONS <\/u><\/strong><\/li><\/ol><p><strong>Responsable de Traitement\u00a0: <\/strong>classM, soci\u00e9t\u00e9 par actions simplifi\u00e9e dont le si\u00e8ge social est situ\u00e9 au 76, avenue du Prado, 13006 Marseille, France, immatricul\u00e9e au Registre du Commerce et des Soci\u00e9t\u00e9s de Marseille sous le num\u00e9ro 538 669 516, repr\u00e9sent\u00e9e par son Pr\u00e9sident, Fran\u00e7ois Xavier d&#8217;Ornellas.<\/p><p>Les coordonn\u00e9es du Responsable de Traitement sont\u00a0:<\/p><ul><li>Adresse postale\u00a0: 76, avenue du Prado, 13006 Marseille, France<\/li><li>Adresse e-mail\u00a0: contact@classm.fr<\/li><\/ul><p><strong>Donn\u00e9e Personnelle\u00a0: <\/strong>donn\u00e9e \u00e0 caract\u00e8re personnel permettant d\u2019identifier directement ou indirectement une Personne Concern\u00e9e au sens de la r\u00e8glementation en vigueur.<\/p><p><strong>\u00a0<\/strong><\/p><p><strong>Personne concern\u00e9e\u00a0: <\/strong>personne physique dont les Donn\u00e9es Personnelles sont collect\u00e9es et trait\u00e9es par le Responsable de Traitement selon les modalit\u00e9s d\u00e9crites dans la pr\u00e9sente politique de confidentialit\u00e9.<\/p><p><strong>\u00a0<\/strong><\/p><p><strong>Site Internet\u00a0:<\/strong> site internet accessible via l\u2019adresse <a href=\"http:\/\/www.compagniefruitiere.fr\">www.classm.fr<\/a><\/p><p><strong>\u00a0<\/strong><\/p><p><strong>Politique de Confidentialit\u00e9<\/strong>\u00a0: le pr\u00e9sent document d\u00e9taillant les modalit\u00e9s de traitement des Donn\u00e9es Personnelles.<\/p><ol start=\"2\"><li><strong><u>TRAITEMENT DES DONNEES PERSONNELLES<\/u><\/strong><\/li><\/ol><ul><li><strong><em>Quelles Donn\u00e9es Personnelles collect\u00e9es et pourquoi\u00a0?<\/em><\/strong><\/li><\/ul><ul><li><strong>Donn\u00e9es collect\u00e9es lors de demandes d\u2019informations ou de contact (clients, prospects, contacts, partenaires potentiels, candidats \u2026)<\/strong><\/li><\/ul><p>Le Responsable de Traitement peut \u00eatre amen\u00e9 \u00e0 collecter des Donn\u00e9es Personnelles lors de l\u2019ex\u00e9cution du contrat d\u2019un client, des demandes d\u2019informations ou de contact, par exemple par e-mail, par t\u00e9l\u00e9phone ou lors d\u2019une rencontre entre un collaborateur du Responsable de Traitement et la Personne Concern\u00e9e (\u00e0 l\u2019initiative du Responsable de Traitement ou de la Personne Concern\u00e9e).<\/p><p><strong><u>Finalit\u00e9s et base juridique\u00a0:<\/u><\/strong> Le traitement de ces Donn\u00e9es Personnelles est n\u00e9cessaire pour permettre au Responsable de Traitement de fournir les informations demand\u00e9es par la Personne Concern\u00e9e et la constitution et gestion d\u2019un fichier de clients et contacts, des op\u00e9rations de communication ou prospection avec la Personne Concern\u00e9e, l\u2019ex\u00e9cution et le suivi de la relation entre le Responsable de Traitement et la Personne Concern\u00e9e ou l\u2019\u00e9valuation de la Personne Concern\u00e9e ayant candidat\u00e9 pour int\u00e9grer l\u2019une des affili\u00e9es du Responsable de Traitement. Le traitement est fond\u00e9 sur les int\u00e9r\u00eats l\u00e9gitimes du Responsable de Traitement\u00a0aux fins de l\u2019exercice de son activit\u00e9 et, le cas \u00e9ch\u00e9ant, sur l\u2019ex\u00e9cution d\u2019une relation pr\u00e9contractuelle ou contractuelle. A d\u00e9faut de fourniture de ces Donn\u00e9es Personnelles, la Personne Concern\u00e9e ne pourra interagir avec le Responsable de Traitement.<\/p><ul><li><strong>Donn\u00e9es concernant les fournisseurs, prestataires et sous-traitants, partenaires<\/strong><\/li><\/ul><p>Le Responsable de Traitement peut \u00eatre amen\u00e9 \u00e0 collecter des Donn\u00e9es Personnelles lors de ses \u00e9changes et de la conclusion de contrats avec ses fournisseurs, prestataires et sous-traitants ou partenaires.<\/p><p><strong><u>Finalit\u00e9s et base juridique\u00a0:<\/u><\/strong> Le traitement de ces Donn\u00e9es Personnelles\u00a0est n\u00e9cessaire au respect de ses obligations contractuelles et l\u00e9gales par le Responsable de Traitement, \u00e0 savoir la gestion de la relation contractuelle avec la Personne Concern\u00e9e, notamment la gestion comptable, la gestion du paiement, les r\u00e9clamations \u00e9ventuelles, et \u00e0 tout \u00e9change avec la Personne Concern\u00e9e. Il permet \u00e9galement la constitution et gestion d\u2019un fichier de contacts et des op\u00e9rations de communication ou prospection avec la Personne Concern\u00e9e. Le traitement est fond\u00e9 sur l\u2019ex\u00e9cution de la relation pr\u00e9contractuelle ou contractuelle entre le Responsable de Traitement et la Personne Concern\u00e9e, le respect par le Responsable de Traitement de ses obligations l\u00e9gales et sur les int\u00e9r\u00eats l\u00e9gitimes du Responsable de Traitement\u00a0aux fins de l\u2019exercice de son activit\u00e9. A d\u00e9faut de fourniture de ces Donn\u00e9es Personnelles, la Personne Concern\u00e9e ne pourra conclure de contrat avec le Responsable de Traitement.<\/p><p><strong>\u00a0<\/strong><\/p><ul><li><strong>Donn\u00e9es collect\u00e9es dans le cadre du traitement d&#8217;une demande relative \u00e0 un droit conf\u00e9r\u00e9 par le RGPD<\/strong><\/li><\/ul><p>Le Responsable de Traitement peut \u00eatre amen\u00e9 \u00e0 collecter des Donn\u00e9es Personnelles lorsque la Personne Concern\u00e9e exerce un droit relatif \u00e0 ses Donn\u00e9es Personnelles aupr\u00e8s du Responsable de Traitement.<\/p><p><strong>Finalit\u00e9s et base juridique <\/strong>: Le traitement de ces donn\u00e9es est n\u00e9cessaire \u00e0 l&#8217;ex\u00e9cution des obligations l\u00e9gales de la Soci\u00e9t\u00e9. Dans le respect des finalit\u00e9s expos\u00e9es ci-dessus, les Donn\u00e9es Personnelles de la Personne Concern\u00e9e pourront \u00eatre communiqu\u00e9es au Personnel du Responsable de Traitement en charge de la gestion des demandes.<\/p><p><strong>\u00a0<\/strong><\/p><ul><li><strong><em>Comment les donn\u00e9es Personnelles sont-elles trait\u00e9es\u00a0?<\/em><\/strong><\/li><\/ul><p>Les Donn\u00e9es Personnelles font l\u2019objet d\u2019un traitement informatique par le Responsable de Traitement pour les finalit\u00e9s expos\u00e9es ci-dessus. Le Responsable de Traitement s&#8217;engage \u00e0 ne pas les utiliser dans un autre cadre, ni \u00e0 les transmettre \u00e0 des tiers, en dehors des cas pr\u00e9vus ci-dessous ou accord expr\u00e8s de la Personne Concern\u00e9e.<\/p><p><strong>Destinataires<\/strong>\u00a0: dans le respect des finalit\u00e9s expos\u00e9es ci-dessus, les Donn\u00e9es Personnelles des Personnes Concern\u00e9es pourront \u00eatre transmises aux soci\u00e9t\u00e9s affili\u00e9es (soci\u00e9t\u00e9s m\u00e8res, filiales, s\u0153urs etc.) du Responsable de Traitement qui pourront prendre contact directement avec la Personne Concern\u00e9e, aux fins des int\u00e9r\u00eats l\u00e9gitimes du Responsable de Traitement.<\/p><p>La Personne concern\u00e9e reconna\u00eet que dans ce cas, le traitement de ses Donn\u00e9es Personnelles par les soci\u00e9t\u00e9s affili\u00e9es est r\u00e9alis\u00e9 par ces derni\u00e8res, sous leur responsabilit\u00e9 et selon leur propre politique de protection des donn\u00e9es personnelles, en qualit\u00e9 de responsable de traitement distinct.<\/p><p>Le Responsable de Traitement pourra \u00e9galement \u00eatre amen\u00e9 \u00e0 communiquer les Donn\u00e9es Personnelles \u00e0 des tiers dans le cadre du respect d&#8217;une obligation l\u00e9gale, sur demande d&#8217;une autorit\u00e9 judiciaire ou publique, ou encore en application d&#8217;une d\u00e9cision judiciaire, administrative, ou d&#8217;une autorit\u00e9 administrative ind\u00e9pendante.<\/p><p><strong>Sous-traitants<\/strong>\u00a0: dans le respect des finalit\u00e9s expos\u00e9es ci-dessus, les Donn\u00e9es Personnelles pourront \u00eatre communiqu\u00e9es au personnel et sous-traitants du Responsable de Traitement (par exemple, prestataire informatique, h\u00e9bergeur\u2026). Le Responsable de Traitement prend toutes les mesures pour exiger de ces sous-traitants la conformit\u00e9 aux r\u00e9glementations applicables et, le cas \u00e9ch\u00e9ant, que les transferts de donn\u00e9es en dehors de l\u2019Union europ\u00e9enne soient bas\u00e9s sur un niveau ad\u00e9quat de protection ou des garanties suffisantes. Les sous-traitants du Responsable de Traitement sont autoris\u00e9s \u00e0 traiter les Donn\u00e9es Personnelles uniquement sur instructions du Responsable de Traitement.<\/p><p><strong>Conservation et archivage<\/strong> : les Donn\u00e9es Personnelles sont conserv\u00e9es pendant une dur\u00e9e de 3 ans \u00e0 compter de la date du dernier contact \u00e9manant de la Personne Concern\u00e9e, \u00e0 des fins de gestion du fichier de contacts et le cas \u00e9ch\u00e9ant, de prospection.<\/p><p>Lorsqu\u2019un contrat avec \u00e9t\u00e9 conclu entre le Responsable de Traitement et la Personne Concern\u00e9e, les Donn\u00e9es Personnelles sont archiv\u00e9es pour la dur\u00e9e n\u00e9cessaire \u00e0 la constatation, \u00e0 l&#8217;exercice ou \u00e0 la d\u00e9fense d&#8217;un droit en justice ainsi que, le cas \u00e9ch\u00e9ant, pour la dur\u00e9e applicable en vertu de ses obligations l\u00e9gales.<\/p><p>Le Responsable de Traitement fait ses meilleurs efforts pour conserver et archiver ces Donn\u00e9es Personnelles dans des conditions de s\u00e9curit\u00e9 appropri\u00e9es dans le respect des dispositions applicables, selon les moyens actuels de la technique.<\/p><ul><li><strong><em>Quels droits sur les Donn\u00e9es Personnelles\u00a0communiqu\u00e9es\u00a0?<\/em><\/strong><\/li><\/ul><p><strong>\u00a0<\/strong>Toute personne ayant communiqu\u00e9 des Donn\u00e9es Personnelles dispose des droits suivants sur celles-ci\u00a0:<\/p><ul><li>Un droit d\u2019acc\u00e8s et de rectification ;<\/li><\/ul><ul><li>Un droit \u00e0 l\u2019effacement des donn\u00e9es (\u00ab\u00a0droit \u00e0 l\u2019oubli\u00a0\u00bb), un droit \u00e0 la limitation du traitement et un droit d\u2019opposition au traitement dans les cas pr\u00e9vus par la r\u00e9glementation en vigueur\u00a0;<\/li><\/ul><p>De plus, en application des articles L223-1 et suivants du Code de la consommation, l\u2019Utilisateur consommateur a le droit de s\u2019inscrire sur la liste d&#8217;opposition au d\u00e9marchage t\u00e9l\u00e9phonique.<\/p><ul><li>Le droit de d\u00e9finir des directives relatives au sort de ses donn\u00e9es \u00e0 caract\u00e8re personnel apr\u00e8s sa mort\u00a0;<\/li><\/ul><ul><li>Un droit \u00e0 la portabilit\u00e9 des Donn\u00e9es Personnelles brutes fournies ;<\/li><\/ul><ul><li>Le droit d&#8217;introduire une r\u00e9clamation aupr\u00e8s de l\u2019autorit\u00e9 comp\u00e9tente.<\/li><\/ul><p><em>\u00a0<\/em><\/p><p>Ces droits peuvent \u00eatre exerc\u00e9s par e-mail ou par courrier aux coordonn\u00e9es du Responsable de Traitement indiqu\u00e9es \u00e0 l\u2019article 1.<\/p><p>Ces droits devront \u00eatre exerc\u00e9s dans les conditions pr\u00e9vues par la r\u00e8glementation en vigueur. En particulier, il pourra \u00eatre demand\u00e9 un justificatif d\u2019identit\u00e9 de la Personne Concern\u00e9e, pour emp\u00eacher tout acc\u00e8s non-autoris\u00e9 aux Donn\u00e9es Personnelles concern\u00e9es.<\/p><ol start=\"3\"><li><strong><u>COOKIES SUR LE SITE INTERNET<\/u><\/strong><\/li><\/ol><p><strong><u>\u00a0<\/u><\/strong>Le site internet <a href=\"http:\/\/www.classm.fr\">www.classm.fr<\/a> ne collecte pas de donn\u00e9es \u00e0 caract\u00e8re personnel.<\/p><p>L\u2019internaute est inform\u00e9 que les cookies fonctionnels et n\u00e9cessaires pour l\u2019utilisation du site internet sont utilis\u00e9s\u00a0:<\/p><table><tbody><tr><td width=\"209\"><p>SERVERID111704<\/p><\/td><td width=\"209\"><p>Cookie de session<\/p><\/td><\/tr><tr><td width=\"209\"><p>Cookielawinfo-checkbox-necessary<\/p><\/td><td rowspan=\"2\" width=\"209\"><p>Cookies relatifs \u00e0 la politique d\u2019information sur les cookies<\/p><\/td><\/tr><tr><td width=\"209\"><p>viewed_cookie_policy<\/p><\/td><\/tr><\/tbody><\/table><p>La dur\u00e9e de validit\u00e9 de ces cookies correspond \u00e0 la dur\u00e9e de la visite de l\u2019internaute sur le site Internet \u00a0<a href=\"http:\/\/www.classm.fr\">www.classm.fr<\/a> (dur\u00e9e de session).<\/p><p>Vous pouvez vous y opposer et les supprimer en utilisant les param\u00e8tres de votre navigateur. Cependant votre exp\u00e9rience utilisateur risque d\u2019\u00eatre d\u00e9grad\u00e9e.<\/p><p><strong><u>\u00a0<\/u><\/strong><\/p><\/div>\n\t\t\t\t<\/div>\n\t\t\t\t<\/div>\n\t\t\t\t\t\t<\/div>\n\t\t\t<\/div>\n\t\t<\/div>\n\t\t\t\t\t\t<\/div>\n\t\t\t<\/div>\n\t\t<\/section>\n\t\t\t\t\t\t<\/div>\n\t\t\t<\/div>\n\t\t<\/div>\n\t\t","protected":false},"excerpt":{"rendered":"<p>\u00a0 POLITIQUE DE CONFIDENTIALITE CLASSM Version du 24 avril 2020 \u00a0 \u00a0 Dans le cadre de ses activit\u00e9s, classM est amen\u00e9 \u00e0 traiter un certain nombre de donn\u00e9es personnelles concernant ses interlocuteurs, notamment ses clients, prospects, partenaires, prestataires et sous-traitants, fournisseurs, etc. classM attache la plus grande importance \u00e0 la protection de la vie priv\u00e9e [&hellip;]<\/p>\n","protected":false},"author":1,"featured_media":0,"parent":0,"menu_order":0,"comment_status":"closed","ping_status":"closed","template":"","meta":{"ocean_post_layout":"","ocean_both_sidebars_style":"","ocean_both_sidebars_content_width":0,"ocean_both_sidebars_sidebars_width":0,"ocean_sidebar":"0","ocean_second_sidebar":"0","ocean_disable_margins":"enable","ocean_add_body_class":"","ocean_shortcode_before_top_bar":"","ocean_shortcode_after_top_bar":"","ocean_shortcode_before_header":"","ocean_shortcode_after_header":"","ocean_has_shortcode":"","ocean_shortcode_after_title":"","ocean_shortcode_before_footer_widgets":"","ocean_shortcode_after_footer_widgets":"","ocean_shortcode_before_footer_bottom":"","ocean_shortcode_after_footer_bottom":"","ocean_display_top_bar":"off","ocean_display_header":"default","ocean_header_style":"transparent","ocean_center_header_left_menu":"0","ocean_custom_header_template":"0","ocean_custom_logo":0,"ocean_custom_retina_logo":0,"ocean_custom_logo_max_width":0,"ocean_custom_logo_tablet_max_width":0,"ocean_custom_logo_mobile_max_width":0,"ocean_custom_logo_max_height":0,"ocean_custom_logo_tablet_max_height":0,"ocean_custom_logo_mobile_max_height":0,"ocean_header_custom_menu":"4","ocean_menu_typo_font_family":"0","ocean_menu_typo_font_subset":"","ocean_menu_typo_font_size":0,"ocean_menu_typo_font_size_tablet":0,"ocean_menu_typo_font_size_mobile":0,"ocean_menu_typo_font_size_unit":"px","ocean_menu_typo_font_weight":"","ocean_menu_typo_font_weight_tablet":"","ocean_menu_typo_font_weight_mobile":"","ocean_menu_typo_transform":"","ocean_menu_typo_transform_tablet":"","ocean_menu_typo_transform_mobile":"","ocean_menu_typo_line_height":0,"ocean_menu_typo_line_height_tablet":0,"ocean_menu_typo_line_height_mobile":0,"ocean_menu_typo_line_height_unit":"","ocean_menu_typo_spacing":0,"ocean_menu_typo_spacing_tablet":0,"ocean_menu_typo_spacing_mobile":0,"ocean_menu_typo_spacing_unit":"","ocean_menu_link_color":"","ocean_menu_link_color_hover":"","ocean_menu_link_color_active":"","ocean_menu_link_background":"","ocean_menu_link_hover_background":"","ocean_menu_link_active_background":"","ocean_menu_social_links_bg":"","ocean_menu_social_hover_links_bg":"","ocean_menu_social_links_color":"","ocean_menu_social_hover_links_color":"","ocean_disable_title":"default","ocean_disable_heading":"default","ocean_post_title":"","ocean_post_subheading":"","ocean_post_title_style":"","ocean_post_title_background_color":"","ocean_post_title_background":0,"ocean_post_title_bg_image_position":"","ocean_post_title_bg_image_attachment":"","ocean_post_title_bg_image_repeat":"","ocean_post_title_bg_image_size":"","ocean_post_title_height":0,"ocean_post_title_bg_overlay":0.5,"ocean_post_title_bg_overlay_color":"","ocean_disable_breadcrumbs":"default","ocean_breadcrumbs_color":"","ocean_breadcrumbs_separator_color":"","ocean_breadcrumbs_links_color":"","ocean_breadcrumbs_links_hover_color":"","ocean_display_footer_widgets":"default","ocean_display_footer_bottom":"default","ocean_custom_footer_template":"0","footnotes":""},"categories":[152],"tags":[],"class_list":["post-897","page","type-page","status-publish","hentry","category-francais","entry"],"yoast_head":"<!-- This site is optimized with the Yoast SEO plugin v23.9 - https:\/\/yoast.com\/wordpress\/plugins\/seo\/ -->\n<title>Politique de confidentialit\u00e9 - classM<\/title>\n<meta name=\"description\" content=\"\u00a0POLITIQUE DE CONFIDENTIALITE CLASSMVersion du 24 avril 2020 \u00a0\u00a0Dans le cadre de ses activit\u00e9s, classM est amen\u00e9 \u00e0 traiter un certain nombre de donn\u00e9es\" \/>\n<meta name=\"robots\" content=\"index, follow, max-snippet:-1, max-image-preview:large, max-video-preview:-1\" \/>\n<link rel=\"canonical\" href=\"https:\/\/www.classm.fr\/fr\/politique-de-confidentialite\/\" \/>\n<meta property=\"og:locale\" content=\"fr_FR\" \/>\n<meta property=\"og:type\" content=\"article\" \/>\n<meta property=\"og:title\" content=\"Politique de confidentialit\u00e9 - classM\" \/>\n<meta property=\"og:description\" content=\"\u00a0POLITIQUE DE CONFIDENTIALITE CLASSMVersion du 24 avril 2020 \u00a0\u00a0Dans le cadre de ses activit\u00e9s, classM est amen\u00e9 \u00e0 traiter un certain nombre de donn\u00e9es\" \/>\n<meta property=\"og:url\" content=\"https:\/\/www.classm.fr\/fr\/politique-de-confidentialite\/\" \/>\n<meta property=\"og:site_name\" content=\"classM\" \/>\n<meta property=\"article:modified_time\" content=\"2024-11-18T21:12:04+00:00\" \/>\n<meta name=\"twitter:card\" content=\"summary_large_image\" \/>\n<meta name=\"twitter:label1\" content=\"Dur\u00e9e de lecture estim\u00e9e\" \/>\n\t<meta name=\"twitter:data1\" content=\"8 minutes\" \/>\n<script type=\"application\/ld+json\" class=\"yoast-schema-graph\">{\"@context\":\"https:\/\/schema.org\",\"@graph\":[{\"@type\":\"WebPage\",\"@id\":\"https:\/\/www.classm.fr\/fr\/politique-de-confidentialite\/\",\"url\":\"https:\/\/www.classm.fr\/fr\/politique-de-confidentialite\/\",\"name\":\"Politique de confidentialit\u00e9 - classM\",\"isPartOf\":{\"@id\":\"https:\/\/www.classm.fr\/fr\/#website\"},\"datePublished\":\"2018-06-18T07:22:05+00:00\",\"dateModified\":\"2024-11-18T21:12:04+00:00\",\"description\":\"\u00a0POLITIQUE DE CONFIDENTIALITE CLASSMVersion du 24 avril 2020 \u00a0\u00a0Dans le cadre de ses activit\u00e9s, classM est amen\u00e9 \u00e0 traiter un certain nombre de donn\u00e9es\",\"breadcrumb\":{\"@id\":\"https:\/\/www.classm.fr\/fr\/politique-de-confidentialite\/#breadcrumb\"},\"inLanguage\":\"fr-FR\",\"potentialAction\":[{\"@type\":\"ReadAction\",\"target\":[\"https:\/\/www.classm.fr\/fr\/politique-de-confidentialite\/\"]}]},{\"@type\":\"BreadcrumbList\",\"@id\":\"https:\/\/www.classm.fr\/fr\/politique-de-confidentialite\/#breadcrumb\",\"itemListElement\":[{\"@type\":\"ListItem\",\"position\":1,\"name\":\"Accueil\",\"item\":\"https:\/\/www.classm.fr\/fr\/\"},{\"@type\":\"ListItem\",\"position\":2,\"name\":\"Politique de confidentialit\u00e9\"}]},{\"@type\":\"WebSite\",\"@id\":\"https:\/\/www.classm.fr\/fr\/#website\",\"url\":\"https:\/\/www.classm.fr\/fr\/\",\"name\":\"classM\",\"description\":\"Entrepreneurs en Afrique\",\"publisher\":{\"@id\":\"https:\/\/www.classm.fr\/fr\/#organization\"},\"potentialAction\":[{\"@type\":\"SearchAction\",\"target\":{\"@type\":\"EntryPoint\",\"urlTemplate\":\"https:\/\/www.classm.fr\/fr\/?s={search_term_string}\"},\"query-input\":{\"@type\":\"PropertyValueSpecification\",\"valueRequired\":true,\"valueName\":\"search_term_string\"}}],\"inLanguage\":\"fr-FR\"},{\"@type\":\"Organization\",\"@id\":\"https:\/\/www.classm.fr\/fr\/#organization\",\"name\":\"classM\",\"url\":\"https:\/\/www.classm.fr\/fr\/\",\"logo\":{\"@type\":\"ImageObject\",\"inLanguage\":\"fr-FR\",\"@id\":\"https:\/\/www.classm.fr\/fr\/#\/schema\/logo\/image\/\",\"url\":\"https:\/\/www.classm.fr\/fr\/wp-content\/uploads\/2019\/05\/logo-classM-color.jpg\",\"contentUrl\":\"https:\/\/www.classm.fr\/fr\/wp-content\/uploads\/2019\/05\/logo-classM-color.jpg\",\"width\":694,\"height\":200,\"caption\":\"classM\"},\"image\":{\"@id\":\"https:\/\/www.classm.fr\/fr\/#\/schema\/logo\/image\/\"},\"sameAs\":[\"https:\/\/www.linkedin.com\/company\/classm\/\"]}]}<\/script>\n<!-- \/ Yoast SEO plugin. -->","yoast_head_json":{"title":"Politique de confidentialit\u00e9 - classM","description":"\u00a0POLITIQUE DE CONFIDENTIALITE CLASSMVersion du 24 avril 2020 \u00a0\u00a0Dans le cadre de ses activit\u00e9s, classM est amen\u00e9 \u00e0 traiter un certain nombre de donn\u00e9es","robots":{"index":"index","follow":"follow","max-snippet":"max-snippet:-1","max-image-preview":"max-image-preview:large","max-video-preview":"max-video-preview:-1"},"canonical":"https:\/\/www.classm.fr\/fr\/politique-de-confidentialite\/","og_locale":"fr_FR","og_type":"article","og_title":"Politique de confidentialit\u00e9 - classM","og_description":"\u00a0POLITIQUE DE CONFIDENTIALITE CLASSMVersion du 24 avril 2020 \u00a0\u00a0Dans le cadre de ses activit\u00e9s, classM est amen\u00e9 \u00e0 traiter un certain nombre de donn\u00e9es","og_url":"https:\/\/www.classm.fr\/fr\/politique-de-confidentialite\/","og_site_name":"classM","article_modified_time":"2024-11-18T21:12:04+00:00","twitter_card":"summary_large_image","twitter_misc":{"Dur\u00e9e de lecture estim\u00e9e":"8 minutes"},"schema":{"@context":"https:\/\/schema.org","@graph":[{"@type":"WebPage","@id":"https:\/\/www.classm.fr\/fr\/politique-de-confidentialite\/","url":"https:\/\/www.classm.fr\/fr\/politique-de-confidentialite\/","name":"Politique de confidentialit\u00e9 - classM","isPartOf":{"@id":"https:\/\/www.classm.fr\/fr\/#website"},"datePublished":"2018-06-18T07:22:05+00:00","dateModified":"2024-11-18T21:12:04+00:00","description":"\u00a0POLITIQUE DE CONFIDENTIALITE CLASSMVersion du 24 avril 2020 \u00a0\u00a0Dans le cadre de ses activit\u00e9s, classM est amen\u00e9 \u00e0 traiter un certain nombre de donn\u00e9es","breadcrumb":{"@id":"https:\/\/www.classm.fr\/fr\/politique-de-confidentialite\/#breadcrumb"},"inLanguage":"fr-FR","potentialAction":[{"@type":"ReadAction","target":["https:\/\/www.classm.fr\/fr\/politique-de-confidentialite\/"]}]},{"@type":"BreadcrumbList","@id":"https:\/\/www.classm.fr\/fr\/politique-de-confidentialite\/#breadcrumb","itemListElement":[{"@type":"ListItem","position":1,"name":"Accueil","item":"https:\/\/www.classm.fr\/fr\/"},{"@type":"ListItem","position":2,"name":"Politique de confidentialit\u00e9"}]},{"@type":"WebSite","@id":"https:\/\/www.classm.fr\/fr\/#website","url":"https:\/\/www.classm.fr\/fr\/","name":"classM","description":"Entrepreneurs en Afrique","publisher":{"@id":"https:\/\/www.classm.fr\/fr\/#organization"},"potentialAction":[{"@type":"SearchAction","target":{"@type":"EntryPoint","urlTemplate":"https:\/\/www.classm.fr\/fr\/?s={search_term_string}"},"query-input":{"@type":"PropertyValueSpecification","valueRequired":true,"valueName":"search_term_string"}}],"inLanguage":"fr-FR"},{"@type":"Organization","@id":"https:\/\/www.classm.fr\/fr\/#organization","name":"classM","url":"https:\/\/www.classm.fr\/fr\/","logo":{"@type":"ImageObject","inLanguage":"fr-FR","@id":"https:\/\/www.classm.fr\/fr\/#\/schema\/logo\/image\/","url":"https:\/\/www.classm.fr\/fr\/wp-content\/uploads\/2019\/05\/logo-classM-color.jpg","contentUrl":"https:\/\/www.classm.fr\/fr\/wp-content\/uploads\/2019\/05\/logo-classM-color.jpg","width":694,"height":200,"caption":"classM"},"image":{"@id":"https:\/\/www.classm.fr\/fr\/#\/schema\/logo\/image\/"},"sameAs":["https:\/\/www.linkedin.com\/company\/classm\/"]}]}},"_links":{"self":[{"href":"https:\/\/www.classm.fr\/fr\/wp-json\/wp\/v2\/pages\/897","targetHints":{"allow":["GET"]}}],"collection":[{"href":"https:\/\/www.classm.fr\/fr\/wp-json\/wp\/v2\/pages"}],"about":[{"href":"https:\/\/www.classm.fr\/fr\/wp-json\/wp\/v2\/types\/page"}],"author":[{"embeddable":true,"href":"https:\/\/www.classm.fr\/fr\/wp-json\/wp\/v2\/users\/1"}],"replies":[{"embeddable":true,"href":"https:\/\/www.classm.fr\/fr\/wp-json\/wp\/v2\/comments?post=897"}],"version-history":[{"count":11,"href":"https:\/\/www.classm.fr\/fr\/wp-json\/wp\/v2\/pages\/897\/revisions"}],"predecessor-version":[{"id":3585,"href":"https:\/\/www.classm.fr\/fr\/wp-json\/wp\/v2\/pages\/897\/revisions\/3585"}],"wp:attachment":[{"href":"https:\/\/www.classm.fr\/fr\/wp-json\/wp\/v2\/media?parent=897"}],"wp:term":[{"taxonomy":"category","embeddable":true,"href":"https:\/\/www.classm.fr\/fr\/wp-json\/wp\/v2\/categories?post=897"},{"taxonomy":"post_tag","embeddable":true,"href":"https:\/\/www.classm.fr\/fr\/wp-json\/wp\/v2\/tags?post=897"}],"curies":[{"name":"wp","href":"https:\/\/api.w.org\/{rel}","templated":true}]}}